{"id":266,"date":"2024-01-04T22:36:16","date_gmt":"2024-01-04T21:36:16","guid":{"rendered":"https:\/\/redero.fr\/?page_id=266"},"modified":"2024-07-22T10:15:55","modified_gmt":"2024-07-22T08:15:55","slug":"blog","status":"publish","type":"page","link":"https:\/\/redero.fr\/?page_id=266","title":{"rendered":"Blog"},"content":{"rendered":"\n<div class=\"wp-block-query is-layout-flow wp-block-query-is-layout-flow\"><ul class=\"wp-block-post-template is-layout-flow wp-block-post-template-is-layout-flow\"><li class=\"wp-block-post post-1891 post type-post status-publish format-standard has-post-thumbnail hentry category-blog tag-hardware\">\n\n<div class=\"wp-block-columns alignwide is-layout-flex wp-container-core-columns-is-layout-28f84493 wp-block-columns-is-layout-flex\">\n<div class=\"wp-block-column is-layout-flow wp-block-column-is-layout-flow\" style=\"flex-basis:66.66%\"><figure style=\"aspect-ratio:auto;\" class=\"wp-block-post-featured-image wp-duotone-unset-1\"><a href=\"https:\/\/redero.fr\/?p=1891\" target=\"_blank\"  ><img loading=\"lazy\" decoding=\"async\" width=\"1920\" height=\"1442\" src=\"https:\/\/redero.fr\/wp-content\/uploads\/2026\/03\/mind_killer2-scaled-e1773333037840.jpg\" class=\"attachment-post-thumbnail size-post-thumbnail wp-post-image\" alt=\"Du PCB Art comme face avant\u202f: les id\u00e9es g\u00e9niales des fabricants de matos de musique\" style=\"border-radius:0px;width:100%;height:100%;object-fit:cover;\" srcset=\"https:\/\/redero.fr\/wp-content\/uploads\/2026\/03\/mind_killer2-scaled-e1773333037840.jpg 1920w, https:\/\/redero.fr\/wp-content\/uploads\/2026\/03\/mind_killer2-scaled-e1773333037840-300x225.jpg 300w, https:\/\/redero.fr\/wp-content\/uploads\/2026\/03\/mind_killer2-scaled-e1773333037840-1024x769.jpg 1024w, https:\/\/redero.fr\/wp-content\/uploads\/2026\/03\/mind_killer2-scaled-e1773333037840-768x577.jpg 768w, https:\/\/redero.fr\/wp-content\/uploads\/2026\/03\/mind_killer2-scaled-e1773333037840-1536x1154.jpg 1536w\" sizes=\"auto, (max-width: 1920px) 100vw, 1920px\" \/><\/a><\/figure><\/div>\n\n\n\n<div class=\"wp-block-column is-layout-flow wp-block-column-is-layout-flow\" style=\"flex-basis:33.33%\"><h3 class=\"wp-block-post-title\"><a href=\"https:\/\/redero.fr\/?p=1891\" target=\"_self\" >Du PCB Art comme face avant\u202f: les id\u00e9es g\u00e9niales des fabricants de matos de musique<\/a><\/h3>\n\n<div class=\"wp-block-post-excerpt\"><p class=\"wp-block-post-excerpt__excerpt\">Dans cette article, il y a du PCB Art comme sur Pinterest, mais il n\u2019y a que du PCB Art, donc c\u2019est encore mieux que Pinterest. <\/p><\/div><\/div>\n<\/div>\n\n<\/li><li class=\"wp-block-post post-1869 post type-post status-publish format-standard has-post-thumbnail hentry category-blog tag-hardware tag-kicad-fr\">\n\n<div class=\"wp-block-columns alignwide is-layout-flex wp-container-core-columns-is-layout-28f84493 wp-block-columns-is-layout-flex\">\n<div class=\"wp-block-column is-layout-flow wp-block-column-is-layout-flow\" style=\"flex-basis:66.66%\"><figure style=\"aspect-ratio:auto;\" class=\"wp-block-post-featured-image wp-duotone-unset-2\"><a href=\"https:\/\/redero.fr\/?p=1869\" target=\"_blank\"  ><img loading=\"lazy\" decoding=\"async\" width=\"1193\" height=\"796\" src=\"https:\/\/redero.fr\/wp-content\/uploads\/2026\/02\/erc_illustration-1.png\" class=\"attachment-post-thumbnail size-post-thumbnail wp-post-image\" alt=\"Lettre d\u2019amour aux ERC KiCAD (EN) (replay)\" style=\"border-radius:0px;width:100%;height:100%;object-fit:cover;\" srcset=\"https:\/\/redero.fr\/wp-content\/uploads\/2026\/02\/erc_illustration-1.png 1193w, https:\/\/redero.fr\/wp-content\/uploads\/2026\/02\/erc_illustration-1-300x200.png 300w, https:\/\/redero.fr\/wp-content\/uploads\/2026\/02\/erc_illustration-1-1024x683.png 1024w, https:\/\/redero.fr\/wp-content\/uploads\/2026\/02\/erc_illustration-1-768x512.png 768w\" sizes=\"auto, (max-width: 1193px) 100vw, 1193px\" \/><\/a><\/figure><\/div>\n\n\n\n<div class=\"wp-block-column is-layout-flow wp-block-column-is-layout-flow\" style=\"flex-basis:33.33%\"><h3 class=\"wp-block-post-title\"><a href=\"https:\/\/redero.fr\/?p=1869\" target=\"_self\" >Lettre d\u2019amour aux ERC KiCAD (EN) (replay)<\/a><\/h3>\n\n<div class=\"wp-block-post-excerpt\"><p class=\"wp-block-post-excerpt__excerpt\">Mon intervention \u00e0 la FOSDEM 2026 \u00e0 propos des ERC KiCAD : pourquoi ils sont importants, pourquoi il faut que vous y pr\u00e9tiez attention, le tout illustr\u00e9 par des vraies gaffes de la vraie vie. <\/p><\/div><\/div>\n<\/div>\n\n<\/li><li class=\"wp-block-post post-1829 post type-post status-publish format-standard has-post-thumbnail hentry category-blog tag-hardware tag-ifixit-fr tag-reverse-fr\">\n\n<div class=\"wp-block-columns alignwide is-layout-flex wp-container-core-columns-is-layout-28f84493 wp-block-columns-is-layout-flex\">\n<div class=\"wp-block-column is-layout-flow wp-block-column-is-layout-flow\" style=\"flex-basis:66.66%\"><figure style=\"aspect-ratio:auto;\" class=\"wp-block-post-featured-image wp-duotone-unset-3\"><a href=\"https:\/\/redero.fr\/?p=1829\" target=\"_blank\"  ><img loading=\"lazy\" decoding=\"async\" width=\"595\" height=\"425\" src=\"https:\/\/redero.fr\/wp-content\/uploads\/2025\/09\/minia.png\" class=\"attachment-post-thumbnail size-post-thumbnail wp-post-image\" alt=\"Ing\u00e9nierie inverse d\u2019un BGA juste pour r\u00e9parer une p\u00e9dale de guitare (EN)\" style=\"border-radius:0px;width:100%;height:100%;object-fit:cover;\" srcset=\"https:\/\/redero.fr\/wp-content\/uploads\/2025\/09\/minia.png 595w, https:\/\/redero.fr\/wp-content\/uploads\/2025\/09\/minia-300x214.png 300w\" sizes=\"auto, (max-width: 595px) 100vw, 595px\" \/><\/a><\/figure><\/div>\n\n\n\n<div class=\"wp-block-column is-layout-flow wp-block-column-is-layout-flow\" style=\"flex-basis:33.33%\"><h3 class=\"wp-block-post-title\"><a href=\"https:\/\/redero.fr\/?p=1829\" target=\"_self\" >Ing\u00e9nierie inverse d\u2019un BGA juste pour r\u00e9parer une p\u00e9dale de guitare (EN)<\/a><\/h3>\n\n<div class=\"wp-block-post-excerpt\"><p class=\"wp-block-post-excerpt__excerpt\">Je pensais qu\u2019il fallait juste ressouder une capa mais non, au final j\u2019ai test\u00e9 de nouvelles techniques pour analyser le pinout d\u2019un BGA (en anglais). <\/p><\/div><\/div>\n<\/div>\n\n<\/li><li class=\"wp-block-post post-1834 post type-post status-publish format-standard has-post-thumbnail hentry category-blog tag-hardware tag-reverse-fr tag-zephyr\">\n\n<div class=\"wp-block-columns alignwide is-layout-flex wp-container-core-columns-is-layout-28f84493 wp-block-columns-is-layout-flex\">\n<div class=\"wp-block-column is-layout-flow wp-block-column-is-layout-flow\" style=\"flex-basis:66.66%\"><figure style=\"aspect-ratio:auto;\" class=\"wp-block-post-featured-image wp-duotone-unset-4\"><a href=\"https:\/\/redero.fr\/?p=1834\" target=\"_blank\"  ><img loading=\"lazy\" decoding=\"async\" width=\"640\" height=\"480\" src=\"https:\/\/redero.fr\/wp-content\/uploads\/2025\/09\/vignakeyboard.png\" class=\"attachment-post-thumbnail size-post-thumbnail wp-post-image\" alt=\"De la poubelle \u00e0 l\u2019opensource, itin\u00e9raire d\u2019un clavier (EN)\" style=\"border-radius:0px;width:100%;height:100%;object-fit:cover;\" srcset=\"https:\/\/redero.fr\/wp-content\/uploads\/2025\/09\/vignakeyboard.png 640w, https:\/\/redero.fr\/wp-content\/uploads\/2025\/09\/vignakeyboard-300x225.png 300w\" sizes=\"auto, (max-width: 640px) 100vw, 640px\" \/><\/a><\/figure><\/div>\n\n\n\n<div class=\"wp-block-column is-layout-flow wp-block-column-is-layout-flow\" style=\"flex-basis:33.33%\"><h3 class=\"wp-block-post-title\"><a href=\"https:\/\/redero.fr\/?p=1834\" target=\"_self\" >De la poubelle \u00e0 l\u2019opensource, itin\u00e9raire d\u2019un clavier (EN)<\/a><\/h3>\n\n<div class=\"wp-block-post-excerpt\"><p class=\"wp-block-post-excerpt__excerpt\">J\u2019ai trouv\u00e9 un clavier de gamer aux encombrants&#8230; il a dor\u00e9navant un firmware opensource (en anglais). <\/p><\/div><\/div>\n<\/div>\n\n<\/li><li class=\"wp-block-post post-1501 post type-post status-publish format-standard has-post-thumbnail hentry category-blog tag-ecran tag-video tag-zephyr\">\n\n<div class=\"wp-block-columns alignwide is-layout-flex wp-container-core-columns-is-layout-28f84493 wp-block-columns-is-layout-flex\">\n<div class=\"wp-block-column is-layout-flow wp-block-column-is-layout-flow\" style=\"flex-basis:66.66%\"><figure style=\"aspect-ratio:auto;\" class=\"wp-block-post-featured-image wp-duotone-unset-5\"><a href=\"https:\/\/redero.fr\/?p=1501\" target=\"_blank\"  ><img loading=\"lazy\" decoding=\"async\" width=\"1521\" height=\"1014\" src=\"https:\/\/redero.fr\/wp-content\/uploads\/2025\/09\/vignette.png\" class=\"attachment-post-thumbnail size-post-thumbnail wp-post-image\" alt=\"Tuto shopping pour bien choisir son \u00e9cran embarqu\u00e9 compatible Zephyr (replay) (EN)\" style=\"border-radius:0px;width:100%;height:100%;object-fit:cover;\" srcset=\"https:\/\/redero.fr\/wp-content\/uploads\/2025\/09\/vignette.png 1521w, https:\/\/redero.fr\/wp-content\/uploads\/2025\/09\/vignette-300x200.png 300w, https:\/\/redero.fr\/wp-content\/uploads\/2025\/09\/vignette-1024x683.png 1024w, https:\/\/redero.fr\/wp-content\/uploads\/2025\/09\/vignette-768x512.png 768w\" sizes=\"auto, (max-width: 1521px) 100vw, 1521px\" \/><\/a><\/figure><\/div>\n\n\n\n<div class=\"wp-block-column is-layout-flow wp-block-column-is-layout-flow\" style=\"flex-basis:33.33%\"><h3 class=\"wp-block-post-title\"><a href=\"https:\/\/redero.fr\/?p=1501\" target=\"_self\" >Tuto shopping pour bien choisir son \u00e9cran embarqu\u00e9 compatible Zephyr (replay) (EN)<\/a><\/h3>\n\n<div class=\"wp-block-post-excerpt\"><p class=\"wp-block-post-excerpt__excerpt\">Replay de ma conf\u00e9rence \u00e0 Amsterdam (2025), en anglais. <\/p><\/div><\/div>\n<\/div>\n\n<\/li><\/ul>\n\n<nav class=\"wp-block-query-pagination is-layout-flex wp-block-query-pagination-is-layout-flex\" aria-label=\"Pagination\">\n\n\n<div class=\"wp-block-query-pagination-numbers\"><span aria-current=\"page\" class=\"page-numbers current\">1<\/span>\n<a class=\"page-numbers\" href=\"?query-9-page=2&#038;rest_route=%2Fwp%2Fv2%2Fpages%2F266\">2<\/a>\n<a class=\"page-numbers\" href=\"?query-9-page=3&#038;rest_route=%2Fwp%2Fv2%2Fpages%2F266\">3<\/a>\n<a class=\"page-numbers\" href=\"?query-9-page=4&#038;rest_route=%2Fwp%2Fv2%2Fpages%2F266\">4<\/a><\/div>\n\n<a href=\"\/index.php?rest_route=%2Fwp%2Fv2%2Fpages%2F266&#038;query-9-page=2\" class=\"wp-block-query-pagination-next\">Page suivante<\/a>\n<\/nav><\/div>\n","protected":false},"excerpt":{"rendered":"","protected":false},"author":1,"featured_media":0,"parent":0,"menu_order":0,"comment_status":"closed","ping_status":"closed","template":"","meta":{"footnotes":""},"class_list":["post-266","page","type-page","status-publish","hentry"],"_links":{"self":[{"href":"https:\/\/redero.fr\/index.php?rest_route=\/wp\/v2\/pages\/266","targetHints":{"allow":["GET"]}}],"collection":[{"href":"https:\/\/redero.fr\/index.php?rest_route=\/wp\/v2\/pages"}],"about":[{"href":"https:\/\/redero.fr\/index.php?rest_route=\/wp\/v2\/types\/page"}],"author":[{"embeddable":true,"href":"https:\/\/redero.fr\/index.php?rest_route=\/wp\/v2\/users\/1"}],"replies":[{"embeddable":true,"href":"https:\/\/redero.fr\/index.php?rest_route=%2Fwp%2Fv2%2Fcomments&post=266"}],"version-history":[{"count":6,"href":"https:\/\/redero.fr\/index.php?rest_route=\/wp\/v2\/pages\/266\/revisions"}],"predecessor-version":[{"id":964,"href":"https:\/\/redero.fr\/index.php?rest_route=\/wp\/v2\/pages\/266\/revisions\/964"}],"wp:attachment":[{"href":"https:\/\/redero.fr\/index.php?rest_route=%2Fwp%2Fv2%2Fmedia&parent=266"}],"curies":[{"name":"wp","href":"https:\/\/api.w.org\/{rel}","templated":true}]}}