{"id":12,"date":"2023-01-08T13:47:30","date_gmt":"2023-01-08T12:47:30","guid":{"rendered":"https:\/\/redero.fr\/?page_id=12"},"modified":"2025-03-31T21:55:28","modified_gmt":"2025-03-31T19:55:28","slug":"services","status":"publish","type":"page","link":"https:\/\/redero.fr\/?page_id=12","title":{"rendered":"Services"},"content":{"rendered":"\n<div class=\"wp-block-group is-vertical is-layout-flex wp-container-core-group-is-layout-fe9cc265 wp-block-group-is-layout-flex\">\n<h2 class=\"wp-block-heading\">Conseil en architecture syst\u00e8me<\/h2>\n\n\n\n<ul class=\"wp-block-list\">\n<li>Produits \u00e9tag\u00e8re ou conception custom<\/li>\n\n\n\n<li>Programmation de produits tiers<\/li>\n\n\n\n<li>Recommandations de composants, d\u2019architecture \u00e9lectronique num\u00e9rique\u2026<\/li>\n<\/ul>\n\n\n\n<h2 class=\"wp-block-heading\">D\u00e9veloppement firmware<\/h2>\n\n\n\n<ul class=\"wp-block-list\">\n<li>C embarqu\u00e9<\/li>\n\n\n\n<li>Bare-metal<\/li>\n\n\n\n<li>FreeRTOS<\/li>\n\n\n\n<li>Linux \/ Zephyr drivers<\/li>\n\n\n\n<li>GCC \/ Yocto compilation<\/li>\n<\/ul>\n\n\n\n<h2 class=\"wp-block-heading\">Plate-formes support\u00e9es<\/h2>\n\n\n\n<ul class=\"wp-block-list\">\n<li>Microcontr\u00f4leurs : 8\/16\/32Bits (Cortex-M, Cortex-A\u2026)<\/li>\n\n\n\n<li>Processor Modules ARM A9: IMX, Multicore with Linux OSes<\/li>\n\n\n\n<li>Nordic nRF, ST STM32, NXP i.MX\u2026<\/li>\n<\/ul>\n\n\n\n<h2 class=\"wp-block-heading\">Formation<\/h2>\n\n\n\n<p>Besoin d\u2019une comp\u00e9tence en interne en plus, et sans recruter&nbsp;? Pensez \u00e0 la formation&nbsp;!<\/p>\n\n\n\n<p>Quelques exemples de formations que je propose&nbsp;:<\/p>\n\n\n\n<ul class=\"wp-block-list\">\n<li>Initiation \u00e0 Zephyr RTOS sur plate-forme nRF52DK<\/li>\n\n\n\n<li>Initiation \u00e0 la CAO \u00e9lectronique de A \u00e0 Z avec le logiciel open-source KiCad<\/li>\n\n\n\n<li>Comment sourcer des composants et des produits \u00e9lectroniques sp\u00e9cialis\u00e9s<\/li>\n<\/ul>\n<\/div>\n","protected":false},"excerpt":{"rendered":"","protected":false},"author":1,"featured_media":41,"parent":233,"menu_order":0,"comment_status":"closed","ping_status":"closed","template":"","meta":{"footnotes":""},"class_list":["post-12","page","type-page","status-publish","has-post-thumbnail","hentry"],"_links":{"self":[{"href":"https:\/\/redero.fr\/index.php?rest_route=\/wp\/v2\/pages\/12","targetHints":{"allow":["GET"]}}],"collection":[{"href":"https:\/\/redero.fr\/index.php?rest_route=\/wp\/v2\/pages"}],"about":[{"href":"https:\/\/redero.fr\/index.php?rest_route=\/wp\/v2\/types\/page"}],"author":[{"embeddable":true,"href":"https:\/\/redero.fr\/index.php?rest_route=\/wp\/v2\/users\/1"}],"replies":[{"embeddable":true,"href":"https:\/\/redero.fr\/index.php?rest_route=%2Fwp%2Fv2%2Fcomments&post=12"}],"version-history":[{"count":6,"href":"https:\/\/redero.fr\/index.php?rest_route=\/wp\/v2\/pages\/12\/revisions"}],"predecessor-version":[{"id":156,"href":"https:\/\/redero.fr\/index.php?rest_route=\/wp\/v2\/pages\/12\/revisions\/156"}],"up":[{"embeddable":true,"href":"https:\/\/redero.fr\/index.php?rest_route=\/wp\/v2\/pages\/233"}],"wp:featuredmedia":[{"embeddable":true,"href":"https:\/\/redero.fr\/index.php?rest_route=\/wp\/v2\/media\/41"}],"wp:attachment":[{"href":"https:\/\/redero.fr\/index.php?rest_route=%2Fwp%2Fv2%2Fmedia&parent=12"}],"curies":[{"name":"wp","href":"https:\/\/api.w.org\/{rel}","templated":true}]}}